{"id":10,"date":"2020-03-28T20:17:26","date_gmt":"2020-03-28T20:17:26","guid":{"rendered":"https:\/\/psicologavivianesantos.com.br\/?page_id=10"},"modified":"2021-02-18T14:46:47","modified_gmt":"2021-02-18T14:46:47","slug":"mesmerize","status":"publish","type":"page","link":"https:\/\/www.psicologavivianesantos.com.br\/","title":{"rendered":"Front Page"},"content":{"rendered":"<div  id=\"overlappable-1\" data-label=\"Overlappable\" data-id=\"overlappable-7-mc\" data-export-id=\"overlappable-7-mc\" data-category=\"overlappable\" class=\"overlappable-7-mc content-section content-section-spacing\" data-overlap=\"true\"><div  class=\"gridContainer\"> <div  data-type=\"row\" class=\"row shadow\"><div  class=\"col-xs-12 col-sm-6 col-md-3 col-padding-small col-padding-small-xs bg-color-white\"> <div  class=\"text-center\"><div  class=\"col-xs-12 col-sm-fit space-bottom-small-xs\"> <i  class=\"fa icon color-black fa-universal-access large\"><\/i><\/div> <div  data-type=\"column\" class=\"col-xs-12 col-sm\"><h4  class=\"\">Autoconhecimento<\/h4> <p  class=\"\">A psicoterapia \u00e9 um processo que gera o autoconhecimento, olhar para si mesmo, \u00e9 algo que precisa ser valorizado.<\/p><\/div> <\/div><\/div> <div  class=\"col-xs-12 col-sm-6 col-md-3 col-padding-small col-padding-small-xs bg-color-white\"><div  class=\"text-center\"> <div  class=\"col-xs-12 col-sm-fit space-bottom-small-xs\"><i  class=\"fa icon color-black fa-comments large\"><\/i><\/div> <div  data-type=\"column\" class=\"col-xs-12 col-sm\"><h4  class=\"\">Psicologia Cl\u00ednica<\/h4> <p  class=\"\">Lorem ipsum dolor sit amet, consectetur adipiscing elit.<\/p><\/div> <\/div><\/div> <div  class=\"col-xs-12 col-sm-6 col-md-3 col-padding-small col-padding-small-xs bg-color-white\"><div  class=\"text-center\"> <div  class=\"col-xs-12 col-sm-fit space-bottom-small-xs\"><i  class=\"fa fa-shopping-cart icon color-black large\"><\/i><\/div> <div  data-type=\"column\" class=\"col-xs-12 col-sm\"><h4  class=\"\">Woocommerce<\/h4> <p  class=\"\">Lorem ipsum dolor sit amet, consectetur adipiscing elit.<\/p><\/div> <\/div><\/div> <div  class=\"col-xs-12 col-sm-6 col-md-3 col-padding-small col-padding-small-xs bg-color-white\"><div  class=\"text-center\"> <div  class=\"col-xs-12 col-sm-fit space-bottom-small-xs\"><i  class=\"fa fa-heart-o icon color-black large\"><\/i><\/div> <div  data-type=\"column\" class=\"col-xs-12 col-sm\"><h4  class=\"\">Content sections<\/h4> <p  class=\"\">Lorem ipsum dolor sit amet, consectetur adipiscing elit.<\/p><\/div> <\/div><\/div> <\/div><\/div> <\/div><div  id=\"about-1\" style=\"background-color: #ffffff;\" data-label=\"About\" data-id=\"about-images-right-section-mc\" data-export-id=\"about-images-right-section-mc\" data-category=\"about\" class=\"about-images-right-section content-section content-section-spacing\"><div  class=\"gridContainer\"> <div  class=\"row middle-sm text-center\"><div  class=\"col-sm-5 content-left-sm\" data-type=\"column\"> <h5  class=\"\">LOREM IPSUM DOLOR<\/h5> <h2  class=\"\">Enjoy the best <br > <span  style=\"font-family: Playfair Display,sans-serif; font-weight: 700; font-style: italic;\" href=\"#\">design and functions<\/span> combined together<\/h2> <p  class=\"\">Lorem ipsum dolor sit amet, consectetur adipisicing elit, sed do eiusmod tempor incididunt ut labore et dolore magna aliqua. Ut enim ad minim veniam, quis nostrud exercitation ullamco laboris nisi ut aliquip ex ea commodo consequat.<\/p> <a  class=\"button color1\" href=\"#\">GET STARTED NOW<\/a><\/div> <div  class=\"col-sm-7 space-bottom-xs\"><div  class=\"image-group-side-3-img\"> <img  class=\"topimg shadow-large\" src=\"https:\/\/psicologavivianesantos.com.br\/wp-content\/themes\/empowerwp\/customizer\/sections\/images\/emp-02.jpg\"> <img  class=\"rightimg shadow-large\" src=\"https:\/\/psicologavivianesantos.com.br\/wp-content\/themes\/empowerwp\/customizer\/sections\/images\/emp-04.jpg\"> <div  class=\"leftimg\"> <img  class=\"shadow-large\" src=\"https:\/\/psicologavivianesantos.com.br\/wp-content\/themes\/empowerwp\/customizer\/sections\/images\/emp-03.jpg\"><\/div> <\/div><\/div> <\/div><\/div> <\/div><div  id=\"features-10\" style=\"background-color: #f5fafd;\" data-label=\"Features\" data-id=\"features-16-card-bordered\" data-export-id=\"features-16-card-bordered\" data-category=\"features\" class=\"features-16-card-bordered content-section content-section-spacing\"><div  class=\"gridContainer\"> <div  class=\"row text-center\"><div  class=\"section-title-col\" data-type=\"column\"> <h2  class=\"\">A few things we\u2019re great at<\/h2> <p  class=\"lead\">Lorem ipsum dolor sit amet, consectetur adipiscing elit, sed do eiusmod tempor incididunt ut labore et dolore magna aliqua. Ut enim ad minim veniam, quis nostrud exercitation.Ut enim ad minim veniam, quis nostrud exercitation.<\/p><\/div> <\/div> <div  class=\"row spaced-cols\" data-type=\"row\"> <div  class=\"col-xs-12 col-sm-6 col-md-4\"> <div  class=\"card no-padding bordered y-move\"> <img  class=\"face\" src=\"https:\/\/psicologavivianesantos.com.br\/wp-content\/plugins\/mesmerize-companion\/theme-data\/mesmerize\/sections\/images\/computer-2569652.jpg\"> <div  data-type=\"column\" class=\"col-padding-small col-padding-small-xs description-container\"> <h4  class=\"font-500\">Responsive Design<\/h4> <p  class=\"\">Lorem ipsum dolor sit amet, consectetur adipiscing elit, sed do eiusmod tempor incididunt ut labore et dolore magna aliqua. Ut enim ad minim veniam, quis nostrud exercitation.<\/p><\/div> <div  data-type=\"column\" class=\"col-padding-small col-padding-small-xs read-more-container\"><a  class=\"read-more\">learn more<\/a><\/div> <\/div><\/div> <div  class=\"col-xs-12 col-sm-6 col-md-4\"><div  class=\"card no-padding bordered y-move\"> <img  class=\"face\" src=\"https:\/\/psicologavivianesantos.com.br\/wp-content\/plugins\/mesmerize-companion\/theme-data\/mesmerize\/sections\/images\/apple-1838564.jpg\"> <div  data-type=\"column\" class=\"col-padding-small col-padding-small-xs description-container\"> <h4  class=\"font-500\">Responsive Design<\/h4> <p  class=\"\">Lorem ipsum dolor sit amet, consectetur adipiscing elit, sed do eiusmod tempor incididunt ut labore et dolore magna aliqua. Ut enim ad minim veniam, quis nostrud exercitation.<\/p><\/div> <div  data-type=\"column\" class=\"col-padding-small col-padding-small-xs read-more-container\"><a  class=\"read-more\">learn more<\/a><\/div> <\/div><\/div> <div  class=\"col-xs-12 col-sm-6 col-md-4\"><div  class=\"card no-padding bordered y-move\"> <img  class=\"face\" src=\"https:\/\/psicologavivianesantos.com.br\/wp-content\/plugins\/mesmerize-companion\/theme-data\/mesmerize\/sections\/images\/laptop-2559795.jpg\"> <div  data-type=\"column\" class=\"col-padding-small col-padding-small-xs description-container\"> <h4  class=\"font-500\">Responsive Design<\/h4> <p  class=\"\">Lorem ipsum dolor sit amet, consectetur adipiscing elit, sed do eiusmod tempor incididunt ut labore et dolore magna aliqua. Ut enim ad minim veniam, quis nostrud exercitation.<\/p><\/div> <div  data-type=\"column\" class=\"col-padding-small col-padding-small-xs read-more-container\"><a  class=\"read-more\">learn more<\/a><\/div> <\/div><\/div> <\/div><\/div> <\/div><div  id=\"content-13\" style=\"background-color: #ffffff;\" data-label=\"Content\" data-id=\"content-2\" data-export-id=\"content-2\" data-category=\"content\" class=\"content-2 content-section content-section-spacing\"><div > <div  class=\"row middle-xs\"><div  class=\"col-sm-5 bg-image shadow-large-black\" data-bg=\"image\"><\/div> <div  class=\"col-sm-7 full-col-left-padding full-col-right-padding\"> <div  class=\"row\"> <div  data-type=\"column\" class=\"space-bottom-small content-title-col\"> <h5  class=\"\">CASE STUDY<\/h5> <h2  class=\"\">The Secret of Success<\/h2> <p  class=\"\">Lorem ipsum dolor sit amet, consectetur adipisicing elit, sed do eiusmod tempor incididunt ut labore et dolore magna aliqua. Ut enim ad minim veniam, quis nostrud exercitation ullamco laboris nisi ut aliquip ex ea commodo consequat.<\/p><\/div> <\/div> <div  class=\"row spaced-cols \" data-type=\"row\"> <div  class=\"col-xs-6\" data-type=\"column\"> <h5  class=\"\">CAMERA<\/h5> <p  class=\"\">Lorem ipsum dolor sit amet, consectetur adipisicing elit.<\/p><\/div> <div  class=\"col-xs-6\" data-type=\"column\"><h5  class=\"\">MUSIC CENTER<\/h5> <p  class=\"\">Lorem ipsum dolor sit amet, consectetur adipisicing elit.<\/p><\/div> <div  class=\"col-xs-6\" data-type=\"column\"><h5  class=\"\">MESSAGES<\/h5> <p  class=\"\">Lorem ipsum dolor sit amet, consectetur adipisicing elit.<\/p><\/div> <div  class=\"col-xs-6\" data-type=\"column\"><h5  class=\"\">CHANNELS<\/h5> <p  class=\"\">Lorem ipsum dolor sit amet, consectetur adipisicing elit.<\/p><\/div> <\/div><\/div> <\/div><\/div> <\/div><div  id=\"content-14\" style=\"background-color: #f5fafd;\" data-label=\"Content\" data-id=\"content-3\" data-export-id=\"content-3\" data-category=\"content\" class=\"content-3 content-section content-section-spacing\"><div > <div  class=\"row middle-xs\"><div  class=\"col-sm-7 full-col-left-padding full-col-right-padding\"> <div  class=\"row\"><div  data-type=\"column\" class=\"space-bottom-small content-title-col\"> <h5  class=\"\">CASE STUDY<\/h5> <h2  class=\"\">The Secret of Success<\/h2> <p  class=\"\">Lorem ipsum dolor sit amet, consectetur adipisicing elit, sed do eiusmod tempor incididunt ut labore et dolore magna aliqua. Ut enim ad minim veniam, quis nostrud exercitation ullamco laboris nisi ut aliquip ex ea commodo consequat.<\/p><\/div> <\/div> <div  class=\"row spaced-cols\" data-type=\"row\"> <div  class=\"col-xs-6\" data-type=\"column\"> <h5  class=\"\">CAMERA<\/h5> <p  class=\"\">Lorem ipsum dolor sit amet, consectetur adipisicing elit.<\/p><\/div> <div  class=\"col-xs-6\" data-type=\"column\"><h5  class=\"\">MUSIC CENTER<\/h5> <p  class=\"\">Lorem ipsum dolor sit amet, consectetur adipisicing elit.<\/p><\/div> <div  class=\"col-xs-6\" data-type=\"column\"><h5  class=\"\">MESSAGES<\/h5> <p  class=\"\">Lorem ipsum dolor sit amet, consectetur adipisicing elit.<\/p><\/div> <div  class=\"col-xs-6\" data-type=\"column\"><h5  class=\"\">CHANNELS<\/h5> <p  class=\"\">Lorem ipsum dolor sit amet, consectetur adipisicing elit.<\/p><\/div> <\/div><\/div> <div  class=\"col-sm-5 bg-image shadow-large-black revert-classes-holder\" data-bg=\"image\"><\/div><\/div> <\/div><\/div><div  id=\"contact-1\" data-label=\"Contact\" data-id=\"contact-1\" data-export-id=\"contact-1\" data-category=\"contact\" class=\"contact-1 content-section content-section-spacing white-text\" data-parallax-depth=\"20\"><div  class=\"gridContainer\"> <div  class=\"row text-center\"><div  class=\"section-title-col\" data-type=\"column\"> <h2  class=\"\">Contato<\/h2> <p  class=\"lead\">Agende seu hor\u00e1rio ou obtenha mais informa\u00e7\u00f5es.<\/p><\/div> <\/div> <div  class=\"row text-center\"> <div  class=\"col-xs-12 col-sm-8 col-sm-offset-2 contact-form-wrapper inline-info\"> <div  class=\"card large-padding\"> <div  class=\"\" data-content-shortcode=\"mesmerize_contact_form shortcode=&quot;everest_form id=&amp;amp;quot;7&amp;amp;quot;&quot;\" data-editable=\"true\"><div class=\"everest-forms\"><div class=\"evf-container default\" id=\"evf-7\"><form id=\"evf-form-7\" class=\"everest-form\" data-formid=\"7\" data-ajax_submission=\"0\" method=\"post\" enctype=\"multipart\/form-data\" action=\"\/index.php?rest_route=%2Fwp%2Fv2%2Fpages%2F10\"><div class=\"evf-field-container\"><input type=\"hidden\" id=\"_wpnonce\" name=\"_wpnonce\" value=\"15becb7548\" \/><input type=\"hidden\" name=\"_wp_http_referer\" value=\"\/index.php?rest_route=%2Fwp%2Fv2%2Fpages%2F10\" \/><div class=\"evf-frontend-row\" data-row=\"row_1\"><div class=\"evf-frontend-grid evf-grid-1\" data-grid=\"grid_1\"><div id=\"evf-7-field_fullname-container\" class=\"evf-field evf-field-text form-row validate-required\" data-required-field-message=\"This field is required.\" data-field-id=\"fullname\"><label class=\"evf-field-label\" for=\"evf-7-field_fullname\"><span class=\"evf-label\">Nome<\/span> <abbr class=\"required\" title=\"Required\">*<\/abbr><\/label><input type=\"text\" id=\"evf-7-field_fullname\" class=\"input-text\" name=\"everest_forms[form_fields][fullname]\" required><\/div><div id=\"evf-7-field_email-container\" class=\"evf-field evf-field-email form-row validate-required validate-email\" data-required-field-message=\"Deixe seu telefone\" data-field-id=\"email\"><label class=\"evf-field-label\" for=\"evf-7-field_email\"><span class=\"evf-label\">Telefone<\/span> <abbr class=\"required\" title=\"Required\">*<\/abbr><\/label><input type=\"email\" id=\"evf-7-field_email\" class=\"input-text\" name=\"everest_forms[form_fields][email]\" required><\/div><div id=\"evf-7-field_1MLlXwgU9I-3-container\" class=\"evf-field evf-field-radio form-row\" data-field-id=\"1MLlXwgU9I-3\"><label class=\"evf-field-label\" for=\"evf-7-field_1MLlXwgU9I-3\"><span class=\"evf-label\">Como Conheceu meu site<\/span> <\/label><ul id=\"evf-7-field_1MLlXwgU9I-3\"><li class=\"choice-1 depth-1\"><input type=\"radio\" id=\"evf-7-field_1MLlXwgU9I-3_1\" class=\"input-text\" name=\"everest_forms[form_fields][1MLlXwgU9I-3]\" value=\"Amigos\"  ><label class=\"everest-forms-field-label-inline\" for=\"evf-7-field_1MLlXwgU9I-3_1\">Amigos<\/label><\/li><li class=\"choice-2 depth-1\"><input type=\"radio\" id=\"evf-7-field_1MLlXwgU9I-3_2\" class=\"input-text\" name=\"everest_forms[form_fields][1MLlXwgU9I-3]\" value=\"Google\"  ><label class=\"everest-forms-field-label-inline\" for=\"evf-7-field_1MLlXwgU9I-3_2\">Google<\/label><\/li><li class=\"choice-3 depth-1\"><input type=\"radio\" id=\"evf-7-field_1MLlXwgU9I-3_3\" class=\"input-text\" name=\"everest_forms[form_fields][1MLlXwgU9I-3]\" value=\"Redes Sociais\"  ><label class=\"everest-forms-field-label-inline\" for=\"evf-7-field_1MLlXwgU9I-3_3\">Redes Sociais<\/label><\/li><li class=\"choice-4 depth-1\"><input type=\"radio\" id=\"evf-7-field_1MLlXwgU9I-3_4\" class=\"input-text\" name=\"everest_forms[form_fields][1MLlXwgU9I-3]\" value=\"Outro\"  ><label class=\"everest-forms-field-label-inline\" for=\"evf-7-field_1MLlXwgU9I-3_4\">Outro<\/label><\/li><\/ul><\/div><\/div><\/div><\/div><div class=\"evf-honeypot-container evf-field-hp\"><label for=\"evf-7-field-hp\" class=\"evf-field-label\">Message<\/label><input type=\"text\" name=\"everest_forms[hp]\" id=\"evf-7-field-hp\" class=\"input-text\"><\/div><div class=\"evf-submit-container \" ><input type=\"hidden\" name=\"everest_forms[id]\" value=\"7\"><input type=\"hidden\" name=\"everest_forms[author]\" value=\"1\"><button type='submit' name='everest_forms[submit]' class='everest-forms-submit-button button evf-submit ' id='evf-submit-7' value='evf-submit' data-process-text=\"Processing\u2026\" conditional_rules='\"\"' conditional_id='evf-submit-7' >Submit<\/button><\/div><\/form><\/div><!-- .evf-container --><\/div><\/div><\/div> <\/div><\/div> <\/div><\/div>","protected":false},"excerpt":{"rendered":"<p>Autoconhecimento A psicoterapia \u00e9 um processo que gera o autoconhecimento, olhar para si mesmo, \u00e9 algo que precisa ser valorizado. Psicologia Cl\u00ednica Lorem ipsum dolor sit amet, consectetur adipiscing elit. Woocommerce Lorem ipsum dolor sit amet, consectetur adipiscing elit. Content sections Lorem ipsum dolor sit amet, consectetur adipiscing elit. LOREM IPSUM DOLOR Enjoy the best&hellip; <br \/> <a class=\"read-more\" href=\"https:\/\/www.psicologavivianesantos.com.br\/\">Leia mais<\/a><\/p>\n","protected":false},"author":1,"featured_media":0,"parent":0,"menu_order":0,"comment_status":"closed","ping_status":"closed","template":"page-templates\/homepage.php","meta":[],"_links":{"self":[{"href":"https:\/\/www.psicologavivianesantos.com.br\/index.php?rest_route=\/wp\/v2\/pages\/10"}],"collection":[{"href":"https:\/\/www.psicologavivianesantos.com.br\/index.php?rest_route=\/wp\/v2\/pages"}],"about":[{"href":"https:\/\/www.psicologavivianesantos.com.br\/index.php?rest_route=\/wp\/v2\/types\/page"}],"author":[{"embeddable":true,"href":"https:\/\/www.psicologavivianesantos.com.br\/index.php?rest_route=\/wp\/v2\/users\/1"}],"replies":[{"embeddable":true,"href":"https:\/\/www.psicologavivianesantos.com.br\/index.php?rest_route=%2Fwp%2Fv2%2Fcomments&post=10"}],"version-history":[{"count":6,"href":"https:\/\/www.psicologavivianesantos.com.br\/index.php?rest_route=\/wp\/v2\/pages\/10\/revisions"}],"predecessor-version":[{"id":49,"href":"https:\/\/www.psicologavivianesantos.com.br\/index.php?rest_route=\/wp\/v2\/pages\/10\/revisions\/49"}],"wp:attachment":[{"href":"https:\/\/www.psicologavivianesantos.com.br\/index.php?rest_route=%2Fwp%2Fv2%2Fmedia&parent=10"}],"curies":[{"name":"wp","href":"https:\/\/api.w.org\/{rel}","templated":true}]}}